{"id":180,"date":"2014-08-06T17:56:25","date_gmt":"2014-08-06T17:56:25","guid":{"rendered":"http:\/\/localhost\/www\/cloud-software-solution\/wordpress\/industrix\/dev\/v2\/?page_id=180"},"modified":"2023-05-04T12:55:57","modified_gmt":"2023-05-04T12:55:57","slug":"home","status":"publish","type":"page","link":"https:\/\/cridel.com\/fr\/","title":{"rendered":"Accueil"},"content":{"rendered":"<section class=\"slider-wrapper vertical-margin\" ><div class=\"container\"><div class=\"row\">\n        <div\n            class=\"col-md-7  col-xs-12 no-right-gutter add-gutter-sm\">\n            \n[rev_slider slider3]\n        <\/div>\n        \n        <div\n            class=\"col-md-5  col-xs-12  no-left-gutter add-leftgutter-sm\">\n            \n\n\n\n        \n        <div class=\"showcase-right\">\n        <ul class=\"top-service-box box-shadow\">\n\n    \n\n\n        \n\n                \n\n                    <li>\n                        <h2>PRODUITS SUR MESURE<\/h2>\n\n                        <p><p>TRAVAILLER AVEC NOUS POUR CR\u00c9ER VOTRE PROPRE SOLUTION PERSONNALIS\u00c9E. <\/p>\n<\/p>\n                        <a href=\"https:\/\/cridel.com\/fr\/service\/custom-made\/\">DETAILS<\/a>\n                    <\/li>\n\n\n                \n\n                \n\n                    <li>\n                        <h2>PRODUITS PR\u00caT \u00c0 L\u2019EMPLOI<\/h2>\n\n                        <p><p>HABILLEMENT FORMUL\u00c9 ET EN INVENTAIRE POUR UNE LlVRAISON IMM\u00c9DIATE.<\/p>\n<\/p>\n                        <a href=\"https:\/\/cridel.com\/fr\/service\/ready-made\/\">DETAILS<\/a>\n                    <\/li>\n\n\n                \n\n                \n\n                    <li>\n                        <h2>PRODUITS PAR INDUSTRIE<\/h2>\n\n                        <p><p>DE L'\u00c9LECTRONIQUE \u00c0 LA CONSTRUCTION ET BEAUCOUP D'AUTRES, NOUS AVONS VOTRE SOLUTION. <\/p>\n<\/p>\n                        <a href=\"https:\/\/cridel.com\/fr\/service\/product-by-industry\/\">DETAILS<\/a>\n                    <\/li>\n\n\n                \n\n                \n\n                    <li>\n                        <h2>PRODUITS PAR  APPLICATION<\/h2>\n\n                        <p><p>DE COLLES ET SCELLANT, D'\u00c9POXY OU UR\u00c9THANE NOUS AVONS VOTRE SOLUTION. <\/p>\n<\/p>\n                        <a href=\"https:\/\/cridel.com\/fr\/service\/product-by-application\/\">DETAILS<\/a>\n                    <\/li>\n\n\n                \n        \n\n                <\/ul>\n        <\/div>\n    \n        \n        <\/div>\n        \n<\/div><\/div><\/section>\n<section class=\"maincontent-area vertical-margin\" ><div class=\"container\"><div class=\"row\">\n        <div\n            class=\"col-md-5  no-right-gutter\">\n            \n<div id=\"about-box\" class=\"box-shadow\">\n<div id=\"main-img\"><\/div>\n<div class=\"welcome-text\">\n<h2>A PROPOS DE CRIDEL <\/h2>\n<p>Avec un total combin\u00e9 de 75 ans d&rsquo;exp\u00e9rience dans Ie d\u00e9veloppement, les essaies et la formulation de r\u00e9sines de haute performance et les ur\u00e9thanes, Cridel poss\u00e8de I \u2018expertise pour comprendre vos besoins uniques et personnaliser une solution de qualit\u00e9 dans les d\u00e9lais et Ie budget. <\/p>\n<div class=\"readmore\"><a href=\"https:\/\/cridel.com\/about-us\"> Plus <\/a><\/div>\n<\/div>\n<\/div>\n        <\/div>\n        \n        <div\n            class=\"col-md-7  \">\n            \n<div id=\"about-box\" class=\"box-shadow\">\n<div class=\"welcome-text\">\n<h2>PRODUITS POPULAIRES<\/h2>\n<div class='product-listing' onclick=\"window.location.href='https:\/\/cridel.com\/?p=974'\">\n   <span>ER120\/EH435<\/span><span>\u00c9poxy<\/span><span>R\u00e9sine de stratification<\/span><span>Utilisation g\u00e9n\u00e9ral<\/span>\n  <\/div>\n<div class='product-listing' onclick=\"window.location.href='https:\/\/cridel.com\/?p=970'\">\n   <span>30-559A\/B<\/span><span>Polyur\u00e9thane<\/span><span>Compos\u00e9 d\u2019enrobage<\/span><span>Reconnu UL<\/span>\n  <\/div>\n<div class='product-listing' onclick=\"window.location.href='https:\/\/cridel.com\/?p=972'\">\n   <span>UR665A\/UI700<\/span><span>Polyur\u00e9thane<\/span><span>Compos\u00e9 d\u2019enrobage<\/span><span>Peu dispendieux<\/span>\n  <\/div>\n<div class='product-listing' onclick=\"window.location.href='https:\/\/cridel.com\/?p=990'\">\n   <span>24-298A\/B<\/span><span>Polyur\u00e9thane<\/span><span>Coul\u00e9e<\/span><span>Divers<\/span>\n  <\/div>\n<div class='product-listing' onclick=\"window.location.href='https:\/\/cridel.com\/?p=968'\">\n   <span>ER273\/EH443<\/span><span>\u00c9poxy<\/span><span>Compos\u00e9 d\u2019enrobage<\/span><span>Reconnu UL<br \/>\n<\/span>\n  <\/div>\n<div class='product-listing' onclick=\"window.location.href='https:\/\/cridel.com\/?p=985'\">\n   <span>ER250\/EH426<\/span><span>\u00c9poxy<\/span><span>Gel \/ rev\u00eaternent de surface<\/span><span>Utilisation g\u00e9n\u00e9ral<\/span>\n  <\/div>\n<div class='product-listing' onclick=\"window.location.href='https:\/\/cridel.com\/?p=993'\">\n   <span>ER202\/EH421<\/span><span>\u00c9poxy<\/span><span>Thermoformage<\/span><span>Utilisation g\u00e9n\u00e9ral<\/span>\n  <\/div>\n<div class=\"readmore\"><a href=\"https:\/\/cridel.com\/products\/\">PLUS DE PRODUITS<\/a><\/div>\n<\/p><\/div>\n<\/div>\n        <\/div>\n        \n<\/div><\/div><\/section>\n<section class=\"vertical-margin\" ><div class=\"container\"><div class=\"row\">\n        <div\n            class=\"col-md-8  col-xs-12 no-right-gutter\">\n            \n\n\n\n\n        <div class=\"latest-news-box box-shadow\">\n            <h2 class=\"lead-title\">Derni\u00e8res nouvelles <\/h2>\n\n            <div class=\"latest-news-caruosel\">\n                <div id=\"latest-news\" class=\"latest-news\">\n                    \n                                <div class=\"item\">\n                                    <div class=\"single-latest\">\n                                        <img width=\"140\" height=\"240\" src=\"https:\/\/cridel.com\/wp-content\/uploads\/2014\/11\/power-lines-140x240.jpg\" class=\"imgthumb wp-post-image\" alt=\"\" decoding=\"async\" loading=\"lazy\" \/>                                        <p class=\"date-meta\">13 novembre, 2014 <\/p>\n                                        <h4>INDUSTRIE DE L&rsquo;\u00c9NERGIE &#8211; ETUDE DE CAS<\/h4>\n\n                                        <p>Ross P. - Directeur des essais en laboratoire, un client de I 'industrie de l\u2019\u00e9nergie\u2026<\/p>\n\n                                        <div class=\"readmore\"><a\n                                                href=\"https:\/\/cridel.com\/fr\/energy-case-study\/\">More <\/a>\n                                        <\/div>\n                                    <\/div>\n                                <\/div>\n\n\n                                            <\/div>\n\n                <div class=\"customNavigation latest-news-navigation\">\n                    <a class=\"next\"><i class=\"fa fa-angle-right\"><\/i><\/a>\n                    <a class=\"prev\"><i class=\"fa fa-angle-left\"><\/i><\/a>\n                <\/div>\n            <\/div>\n        <\/div>\n\n\n\n\n        \n        <\/div>\n        \n        <div\n            class=\"col-md-4  col-xs-12\">\n            \n\n        <div class=\"testimonial-box box-shadow\">\n            <h2 class=\"lead-title\">QU'EST-CE QUE NOS CLIENTS DISENT<\/h2>\n\n            <div class=\"client-testimonial-caruosel\">\n                <div class=\"client-testimonial\">\n                    \n\n        <div class=\"item\">\n            <div class=\"testimonial\">\n                <p><i class=\"fa fa-quote-left\"><\/i> Les experts de Cridel ont tr\u00e8s rapidement trouv\u00e9 une solution possible. Ils ont pr\u00e9sent\u00e9 un plan qui augmenterait imm\u00e9diatement la qualit\u00e9 tout en r\u00e9duisant les co\u00fbts <a href='\/energy-case-study'>Histoire compl\u00e8te ici<\/a> <i\n                        class=\"fa fa-quote-right\"><\/i><\/p>\n            <\/div>\n\n            <img src=\"\" alt=\"\"\/>\n            <span class=\"name\"> Ross P., <span\n                    class=\"position\">Test Lab Manager<\/span><\/span>\n\n            <span class=\"company\"><a\n                    href=\"\/energy-case-study\">An Energy Industry Client<\/a><\/span>\n\n        <\/div>\n\n        \n                <\/div>\n                <div class=\"customNavigation client-testimonial-navigation\">\n                    <a class=\"next\"><i class=\"fa fa-angle-right\"><\/i><\/a>\n                    <a class=\"prev\"><i class=\"fa fa-angle-left\"><\/i><\/a>\n                <\/div>\n            <\/div>\n        <\/div>\n\n        \n        <\/div>\n        \n<\/div><\/div><\/section>","protected":false},"excerpt":{"rendered":"","protected":false},"author":1,"featured_media":0,"parent":0,"menu_order":0,"comment_status":"open","ping_status":"closed","template":"template-home.php","meta":[],"yoast_head":"<!-- This site is optimized with the Yoast SEO plugin v20.5 - https:\/\/yoast.com\/wordpress\/plugins\/seo\/ -->\n<title>Accueil - Cridel Thermoset Resins<\/title>\n<meta name=\"robots\" content=\"index, follow, max-snippet:-1, max-image-preview:large, max-video-preview:-1\" \/>\n<link rel=\"canonical\" href=\"https:\/\/cridel.com\/fr\/\" \/>\n<meta property=\"og:locale\" content=\"fr_FR\" \/>\n<meta property=\"og:type\" content=\"article\" \/>\n<meta property=\"og:title\" content=\"Accueil - Cridel Thermoset Resins\" \/>\n<meta property=\"og:url\" content=\"https:\/\/cridel.com\/fr\/\" \/>\n<meta property=\"og:site_name\" content=\"Cridel Thermoset Resins\" \/>\n<meta property=\"article:modified_time\" content=\"2023-05-04T12:55:57+00:00\" \/>\n<meta property=\"og:image\" content=\"https:\/\/cridel.com\/wp-content\/uploads\/2014\/11\/Cridel_Architectural-3-1024x681.jpg\" \/>\n<meta name=\"twitter:label1\" content=\"Dur\u00e9e de lecture estim\u00e9e\" \/>\n\t<meta name=\"twitter:data1\" content=\"1 minute\" \/>\n<script type=\"application\/ld+json\" class=\"yoast-schema-graph\">{\"@context\":\"https:\/\/schema.org\",\"@graph\":[{\"@type\":\"WebPage\",\"@id\":\"https:\/\/cridel.com\/fr\/\",\"url\":\"https:\/\/cridel.com\/fr\/\",\"name\":\"Accueil - Cridel Thermoset Resins\",\"isPartOf\":{\"@id\":\"https:\/\/cridel.com\/fr\/#website\"},\"datePublished\":\"2014-08-06T17:56:25+00:00\",\"dateModified\":\"2023-05-04T12:55:57+00:00\",\"breadcrumb\":{\"@id\":\"https:\/\/cridel.com\/fr\/#breadcrumb\"},\"inLanguage\":\"fr-FR\",\"potentialAction\":[{\"@type\":\"ReadAction\",\"target\":[[\"https:\/\/cridel.com\/fr\/\"]]}]},{\"@type\":\"BreadcrumbList\",\"@id\":\"https:\/\/cridel.com\/fr\/#breadcrumb\",\"itemListElement\":[{\"@type\":\"ListItem\",\"position\":1,\"name\":\"Home\",\"item\":\"https:\/\/cridel.com\/fr\/\"},{\"@type\":\"ListItem\",\"position\":2,\"name\":\"Home\"}]},{\"@type\":\"WebSite\",\"@id\":\"https:\/\/cridel.com\/fr\/#website\",\"url\":\"https:\/\/cridel.com\/fr\/\",\"name\":\"Cridel Thermoset Resins\",\"description\":\"From adhesives and sealants, to epoxies and urethanes we\u2019ve got your solution.\",\"potentialAction\":[{\"@type\":\"SearchAction\",\"target\":{\"@type\":\"EntryPoint\",\"urlTemplate\":\"https:\/\/cridel.com\/fr\/?s={search_term_string}\"},\"query-input\":\"required name=search_term_string\"}],\"inLanguage\":\"fr-FR\"}]}<\/script>\n<!-- \/ Yoast SEO plugin. -->","yoast_head_json":{"title":"Accueil - Cridel Thermoset Resins","robots":{"index":"index","follow":"follow","max-snippet":"max-snippet:-1","max-image-preview":"max-image-preview:large","max-video-preview":"max-video-preview:-1"},"canonical":"https:\/\/cridel.com\/fr\/","og_locale":"fr_FR","og_type":"article","og_title":"Accueil - Cridel Thermoset Resins","og_url":"https:\/\/cridel.com\/fr\/","og_site_name":"Cridel Thermoset Resins","article_modified_time":"2023-05-04T12:55:57+00:00","og_image":[{"url":"https:\/\/cridel.com\/wp-content\/uploads\/2014\/11\/Cridel_Architectural-3-1024x681.jpg"}],"twitter_misc":{"Dur\u00e9e de lecture estim\u00e9e":"1 minute"},"schema":{"@context":"https:\/\/schema.org","@graph":[{"@type":"WebPage","@id":"https:\/\/cridel.com\/fr\/","url":"https:\/\/cridel.com\/fr\/","name":"Accueil - Cridel Thermoset Resins","isPartOf":{"@id":"https:\/\/cridel.com\/fr\/#website"},"datePublished":"2014-08-06T17:56:25+00:00","dateModified":"2023-05-04T12:55:57+00:00","breadcrumb":{"@id":"https:\/\/cridel.com\/fr\/#breadcrumb"},"inLanguage":"fr-FR","potentialAction":[{"@type":"ReadAction","target":[["https:\/\/cridel.com\/fr\/"]]}]},{"@type":"BreadcrumbList","@id":"https:\/\/cridel.com\/fr\/#breadcrumb","itemListElement":[{"@type":"ListItem","position":1,"name":"Home","item":"https:\/\/cridel.com\/fr\/"},{"@type":"ListItem","position":2,"name":"Home"}]},{"@type":"WebSite","@id":"https:\/\/cridel.com\/fr\/#website","url":"https:\/\/cridel.com\/fr\/","name":"Cridel Thermoset Resins","description":"From adhesives and sealants, to epoxies and urethanes we\u2019ve got your solution.","potentialAction":[{"@type":"SearchAction","target":{"@type":"EntryPoint","urlTemplate":"https:\/\/cridel.com\/fr\/?s={search_term_string}"},"query-input":"required name=search_term_string"}],"inLanguage":"fr-FR"}]}},"_links":{"self":[{"href":"https:\/\/cridel.com\/fr\/wp-json\/wp\/v2\/pages\/180"}],"collection":[{"href":"https:\/\/cridel.com\/fr\/wp-json\/wp\/v2\/pages"}],"about":[{"href":"https:\/\/cridel.com\/fr\/wp-json\/wp\/v2\/types\/page"}],"author":[{"embeddable":true,"href":"https:\/\/cridel.com\/fr\/wp-json\/wp\/v2\/users\/1"}],"replies":[{"embeddable":true,"href":"https:\/\/cridel.com\/fr\/wp-json\/wp\/v2\/comments?post=180"}],"version-history":[{"count":60,"href":"https:\/\/cridel.com\/fr\/wp-json\/wp\/v2\/pages\/180\/revisions"}],"predecessor-version":[{"id":1141,"href":"https:\/\/cridel.com\/fr\/wp-json\/wp\/v2\/pages\/180\/revisions\/1141"}],"wp:attachment":[{"href":"https:\/\/cridel.com\/fr\/wp-json\/wp\/v2\/media?parent=180"}],"curies":[{"name":"wp","href":"https:\/\/api.w.org\/{rel}","templated":true}]}}