{"id":251,"date":"2014-08-07T11:40:59","date_gmt":"2014-08-07T11:40:59","guid":{"rendered":"http:\/\/localhost\/www\/cloud-software-solution\/wordpress\/industrix\/dev\/v2\/?page_id=251"},"modified":"2016-01-14T16:56:35","modified_gmt":"2016-01-14T16:56:35","slug":"about-us","status":"publish","type":"page","link":"https:\/\/cridel.com\/fr\/about-us\/","title":{"rendered":"\u00c0 Propos de nous"},"content":{"rendered":"<div class='row'>\n<div class='col-md-6'>\n    <a href='https:\/\/cridel.com\/the-cridel-difference\/'><\/p>\n<div class='about-box'>\n<div class='about-box-inner'>\n<h2>LA DIFF\u00c9RENCE CRIDEL<\/h2>\n<p>Nous savons que votre \u00e9quipe travaille dur chaque jour pour apporter des produits innovants sur le march\u00e9. Chez Cridel, nos experts vont travailler avec vous pour trouver l&rsquo;\u00e9poxy ultime ou un compos\u00e9 d&rsquo;ur\u00e9thane pour vos produits et vos proc\u00e9d\u00e9s de fabrication.<\/p>\n<p>        <a href='\/the-cridel-difference'><b>En savoir plus<\/b><\/a>\n      <\/div>\n<\/p><\/div>\n<p>    <\/a>\n  <\/div>\n<div class='col-md-6'>\n    <a href='\/the-cridel-approach'><\/p>\n<div class='about-box'>\n<div class='about-box-inner'>\n<h2>L\u2019APPROCHE CRIDEL<\/h2>\n<p>De nos humbles d\u00e9buts il y a plus de 15 ans, nous avons d\u00e9velopp\u00e9 et affin\u00e9 une approche en 5 \u00e9tapes \u00e9prouv\u00e9e pour chaque projet, peu importe grand ou petit. Cridel est l\u00e0 avec vous \u00e0 toutes les \u00e9tapes du processus de la conception \u00e0 l&rsquo;ach\u00e8vement.<\/p>\n<p>        <a href='\/the-cridel-approach'><b>En savoir plus<\/b><\/a>\n      <\/div>\n<\/p><\/div>\n<p>    <\/a>\n  <\/div>\n<p> <!--\n  \n\n<div class='col-md-4'>\n    <a href='https:\/\/cridel.com\/cridel-faq\/'>\n    \n\n<div class='about-box'>\n      \n\n<div class='about-box-inner'>\n        \n\n<h2>Technical F.A.Q.<\/h2>\n\n\n        \n\n<p>Have questions? Not sure about something? The technical F.A.Q. may be the spot to find the answers and get on the right track.<\/p>\n\n\n        <a href='\/cridel-faq'><b>Learn More<\/b><\/a>\n      <\/div>\n\n\n    <\/div>\n\n\n    <\/a>\n  <\/div>\n\n\n -->\n<\/div>","protected":false},"excerpt":{"rendered":"<p>LA DIFF\u00c9RENCE CRIDEL Nous savons que votre \u00e9quipe travaille dur chaque jour pour apporter des produits innovants sur le march\u00e9. Chez Cridel, nos experts vont travailler avec vous pour trouver l&rsquo;\u00e9poxy ultime ou un compos\u00e9 d&rsquo;ur\u00e9thane pour vos produits et vos proc\u00e9d\u00e9s de fabrication. En savoir plus L\u2019APPROCHE CRIDEL De nos humbles d\u00e9buts il y [&hellip;]<\/p>\n","protected":false},"author":1,"featured_media":0,"parent":0,"menu_order":0,"comment_status":"closed","ping_status":"closed","template":"template-nosidebar.php","meta":[],"yoast_head":"<!-- This site is optimized with the Yoast SEO plugin v20.5 - https:\/\/yoast.com\/wordpress\/plugins\/seo\/ -->\n<title>\u00c0 Propos de nous - Cridel Thermoset Resins<\/title>\n<meta name=\"robots\" content=\"index, follow, max-snippet:-1, max-image-preview:large, max-video-preview:-1\" \/>\n<link rel=\"canonical\" href=\"https:\/\/cridel.com\/fr\/about-us\/\" \/>\n<meta property=\"og:locale\" content=\"fr_FR\" \/>\n<meta property=\"og:type\" content=\"article\" \/>\n<meta property=\"og:title\" content=\"\u00c0 Propos de nous - Cridel Thermoset Resins\" \/>\n<meta property=\"og:description\" content=\"LA DIFF\u00c9RENCE CRIDEL Nous savons que votre \u00e9quipe travaille dur chaque jour pour apporter des produits innovants sur le march\u00e9. Chez Cridel, nos experts vont travailler avec vous pour trouver l&rsquo;\u00e9poxy ultime ou un compos\u00e9 d&rsquo;ur\u00e9thane pour vos produits et vos proc\u00e9d\u00e9s de fabrication. En savoir plus L\u2019APPROCHE CRIDEL De nos humbles d\u00e9buts il y [&hellip;]\" \/>\n<meta property=\"og:url\" content=\"https:\/\/cridel.com\/fr\/about-us\/\" \/>\n<meta property=\"og:site_name\" content=\"Cridel Thermoset Resins\" \/>\n<meta property=\"article:modified_time\" content=\"2016-01-14T16:56:35+00:00\" \/>\n<meta name=\"twitter:label1\" content=\"Dur\u00e9e de lecture estim\u00e9e\" \/>\n\t<meta name=\"twitter:data1\" content=\"1 minute\" \/>\n<script type=\"application\/ld+json\" class=\"yoast-schema-graph\">{\"@context\":\"https:\/\/schema.org\",\"@graph\":[{\"@type\":\"WebPage\",\"@id\":\"https:\/\/cridel.com\/fr\/about-us\/\",\"url\":\"https:\/\/cridel.com\/fr\/about-us\/\",\"name\":\"\u00c0 Propos de nous - Cridel Thermoset Resins\",\"isPartOf\":{\"@id\":\"https:\/\/cridel.com\/fr\/#website\"},\"datePublished\":\"2014-08-07T11:40:59+00:00\",\"dateModified\":\"2016-01-14T16:56:35+00:00\",\"breadcrumb\":{\"@id\":\"https:\/\/cridel.com\/fr\/about-us\/#breadcrumb\"},\"inLanguage\":\"fr-FR\",\"potentialAction\":[{\"@type\":\"ReadAction\",\"target\":[[\"https:\/\/cridel.com\/fr\/about-us\/\"]]}]},{\"@type\":\"BreadcrumbList\",\"@id\":\"https:\/\/cridel.com\/fr\/about-us\/#breadcrumb\",\"itemListElement\":[{\"@type\":\"ListItem\",\"position\":1,\"name\":\"Home\",\"item\":\"https:\/\/cridel.com\/fr\/\"},{\"@type\":\"ListItem\",\"position\":2,\"name\":\"About us\"}]},{\"@type\":\"WebSite\",\"@id\":\"https:\/\/cridel.com\/fr\/#website\",\"url\":\"https:\/\/cridel.com\/fr\/\",\"name\":\"Cridel Thermoset Resins\",\"description\":\"From adhesives and sealants, to epoxies and urethanes we\u2019ve got your solution.\",\"potentialAction\":[{\"@type\":\"SearchAction\",\"target\":{\"@type\":\"EntryPoint\",\"urlTemplate\":\"https:\/\/cridel.com\/fr\/?s={search_term_string}\"},\"query-input\":\"required name=search_term_string\"}],\"inLanguage\":\"fr-FR\"}]}<\/script>\n<!-- \/ Yoast SEO plugin. -->","yoast_head_json":{"title":"\u00c0 Propos de nous - Cridel Thermoset Resins","robots":{"index":"index","follow":"follow","max-snippet":"max-snippet:-1","max-image-preview":"max-image-preview:large","max-video-preview":"max-video-preview:-1"},"canonical":"https:\/\/cridel.com\/fr\/about-us\/","og_locale":"fr_FR","og_type":"article","og_title":"\u00c0 Propos de nous - Cridel Thermoset Resins","og_description":"LA DIFF\u00c9RENCE CRIDEL Nous savons que votre \u00e9quipe travaille dur chaque jour pour apporter des produits innovants sur le march\u00e9. Chez Cridel, nos experts vont travailler avec vous pour trouver l&rsquo;\u00e9poxy ultime ou un compos\u00e9 d&rsquo;ur\u00e9thane pour vos produits et vos proc\u00e9d\u00e9s de fabrication. En savoir plus L\u2019APPROCHE CRIDEL De nos humbles d\u00e9buts il y [&hellip;]","og_url":"https:\/\/cridel.com\/fr\/about-us\/","og_site_name":"Cridel Thermoset Resins","article_modified_time":"2016-01-14T16:56:35+00:00","twitter_misc":{"Dur\u00e9e de lecture estim\u00e9e":"1 minute"},"schema":{"@context":"https:\/\/schema.org","@graph":[{"@type":"WebPage","@id":"https:\/\/cridel.com\/fr\/about-us\/","url":"https:\/\/cridel.com\/fr\/about-us\/","name":"\u00c0 Propos de nous - Cridel Thermoset Resins","isPartOf":{"@id":"https:\/\/cridel.com\/fr\/#website"},"datePublished":"2014-08-07T11:40:59+00:00","dateModified":"2016-01-14T16:56:35+00:00","breadcrumb":{"@id":"https:\/\/cridel.com\/fr\/about-us\/#breadcrumb"},"inLanguage":"fr-FR","potentialAction":[{"@type":"ReadAction","target":[["https:\/\/cridel.com\/fr\/about-us\/"]]}]},{"@type":"BreadcrumbList","@id":"https:\/\/cridel.com\/fr\/about-us\/#breadcrumb","itemListElement":[{"@type":"ListItem","position":1,"name":"Home","item":"https:\/\/cridel.com\/fr\/"},{"@type":"ListItem","position":2,"name":"About us"}]},{"@type":"WebSite","@id":"https:\/\/cridel.com\/fr\/#website","url":"https:\/\/cridel.com\/fr\/","name":"Cridel Thermoset Resins","description":"From adhesives and sealants, to epoxies and urethanes we\u2019ve got your solution.","potentialAction":[{"@type":"SearchAction","target":{"@type":"EntryPoint","urlTemplate":"https:\/\/cridel.com\/fr\/?s={search_term_string}"},"query-input":"required name=search_term_string"}],"inLanguage":"fr-FR"}]}},"_links":{"self":[{"href":"https:\/\/cridel.com\/fr\/wp-json\/wp\/v2\/pages\/251"}],"collection":[{"href":"https:\/\/cridel.com\/fr\/wp-json\/wp\/v2\/pages"}],"about":[{"href":"https:\/\/cridel.com\/fr\/wp-json\/wp\/v2\/types\/page"}],"author":[{"embeddable":true,"href":"https:\/\/cridel.com\/fr\/wp-json\/wp\/v2\/users\/1"}],"replies":[{"embeddable":true,"href":"https:\/\/cridel.com\/fr\/wp-json\/wp\/v2\/comments?post=251"}],"version-history":[{"count":25,"href":"https:\/\/cridel.com\/fr\/wp-json\/wp\/v2\/pages\/251\/revisions"}],"predecessor-version":[{"id":1080,"href":"https:\/\/cridel.com\/fr\/wp-json\/wp\/v2\/pages\/251\/revisions\/1080"}],"wp:attachment":[{"href":"https:\/\/cridel.com\/fr\/wp-json\/wp\/v2\/media?parent=251"}],"curies":[{"name":"wp","href":"https:\/\/api.w.org\/{rel}","templated":true}]}}