{"id":266,"date":"2014-08-07T12:06:45","date_gmt":"2014-08-07T12:06:45","guid":{"rendered":"http:\/\/localhost\/www\/cloud-software-solution\/wordpress\/industrix\/dev\/v2\/?page_id=266"},"modified":"2016-01-08T15:53:02","modified_gmt":"2016-01-08T15:53:02","slug":"products","status":"publish","type":"page","link":"https:\/\/cridel.com\/fr\/products\/","title":{"rendered":"PRODUITS Cridel"},"content":{"rendered":"<div class='row'>\n<div class='col-md-3 col-sm-6'>\n    <a href='https:\/\/cridel.com\/service\/custom-made\/'><\/p>\n<div class='about-box'>\n<div class='about-box-inner'>\n<h2>Produits sur mesure<\/h2>\n<p>Travailler avec nous pour creer votre propre solution personnalisee.<\/p>\n<p><a href='\/service\/custom-made'><b>D\u00e9tails<\/b><\/a><\/p>\n<\/p><\/div>\n<\/p><\/div>\n<p>    <\/a>\n  <\/div>\n<div class='col-md-3 col-sm-6'>\n    <a href='https:\/\/cridel.com\/service\/ready-made\/'><\/p>\n<div class='about-box'>\n<div class='about-box-inner'>\n<h2>Quelle est votre demande<\/h2>\n<p>Habillement formul\u00e9 et en inventaire pour une llvraison imm\u00e9diate.<\/p>\n<p><a href='\/service\/ready-made'><b>D\u00e9tails<\/b><\/a><\/p>\n<\/p><\/div>\n<\/p><\/div>\n<p>    <\/a>\n  <\/div>\n<div class='col-md-3 col-sm-6'>\n    <a href='https:\/\/cridel.com\/service\/product-by-industry\/'><\/p>\n<div class='about-box'>\n<div class='about-box-inner'>\n<h2>Quel est votre secteur d&rsquo;activit\u00e9?<\/h2>\n<p>De l&rsquo;\u00e9lectronique a la construction et beaucoup d&rsquo;autres, nous avons votre solution.<\/p>\n<p><a href='\/service\/product-by-industry'><b>D\u00e9tails<\/b><\/a><\/p>\n<\/p><\/div>\n<\/p><\/div>\n<p>    <\/a>\n  <\/div>\n<div class='col-md-3 col-sm-6'>\n    <a href='https:\/\/cridel.com\/service\/product-by-application\/'><\/p>\n<div class='about-box'>\n<div class='about-box-inner'>\n<h2>Quelle est votre demande<\/h2>\n<p>De colles et scellant, d&rsquo;\u00e9poxy ou ur\u00e9thane nous avons votre solution.<\/p>\n<p><a href='\/service\/product-by-application'><b>D\u00e9tails<\/b><\/a><\/p>\n<\/p><\/div>\n<\/p><\/div>\n<p>    <\/a>\n  <\/div>\n<\/div>","protected":false},"excerpt":{"rendered":"<p>Produits sur mesure Travailler avec nous pour creer votre propre solution personnalisee. D\u00e9tails Quelle est votre demande Habillement formul\u00e9 et en inventaire pour une llvraison imm\u00e9diate. D\u00e9tails Quel est votre secteur d&rsquo;activit\u00e9? De l&rsquo;\u00e9lectronique a la construction et beaucoup d&rsquo;autres, nous avons votre solution. D\u00e9tails Quelle est votre demande De colles et scellant, d&rsquo;\u00e9poxy ou [&hellip;]<\/p>\n","protected":false},"author":1,"featured_media":0,"parent":0,"menu_order":0,"comment_status":"closed","ping_status":"closed","template":"template-nosidebar.php","meta":[],"yoast_head":"<!-- This site is optimized with the Yoast SEO plugin v20.5 - https:\/\/yoast.com\/wordpress\/plugins\/seo\/ -->\n<title>PRODUITS Cridel  - Cridel Thermoset Resins<\/title>\n<meta name=\"robots\" content=\"index, follow, max-snippet:-1, max-image-preview:large, max-video-preview:-1\" \/>\n<link rel=\"canonical\" href=\"https:\/\/cridel.com\/fr\/products\/\" \/>\n<meta property=\"og:locale\" content=\"fr_FR\" \/>\n<meta property=\"og:type\" content=\"article\" \/>\n<meta property=\"og:title\" content=\"PRODUITS Cridel  - Cridel Thermoset Resins\" \/>\n<meta property=\"og:description\" content=\"Produits sur mesure Travailler avec nous pour creer votre propre solution personnalisee. D\u00e9tails Quelle est votre demande Habillement formul\u00e9 et en inventaire pour une llvraison imm\u00e9diate. D\u00e9tails Quel est votre secteur d&rsquo;activit\u00e9? De l&rsquo;\u00e9lectronique a la construction et beaucoup d&rsquo;autres, nous avons votre solution. D\u00e9tails Quelle est votre demande De colles et scellant, d&rsquo;\u00e9poxy ou [&hellip;]\" \/>\n<meta property=\"og:url\" content=\"https:\/\/cridel.com\/fr\/products\/\" \/>\n<meta property=\"og:site_name\" content=\"Cridel Thermoset Resins\" \/>\n<meta property=\"article:modified_time\" content=\"2016-01-08T15:53:02+00:00\" \/>\n<meta name=\"twitter:label1\" content=\"Dur\u00e9e de lecture estim\u00e9e\" \/>\n\t<meta name=\"twitter:data1\" content=\"1 minute\" \/>\n<script type=\"application\/ld+json\" class=\"yoast-schema-graph\">{\"@context\":\"https:\/\/schema.org\",\"@graph\":[{\"@type\":\"WebPage\",\"@id\":\"https:\/\/cridel.com\/fr\/products\/\",\"url\":\"https:\/\/cridel.com\/fr\/products\/\",\"name\":\"PRODUITS Cridel  - Cridel Thermoset Resins\",\"isPartOf\":{\"@id\":\"https:\/\/cridel.com\/fr\/#website\"},\"datePublished\":\"2014-08-07T12:06:45+00:00\",\"dateModified\":\"2016-01-08T15:53:02+00:00\",\"breadcrumb\":{\"@id\":\"https:\/\/cridel.com\/fr\/products\/#breadcrumb\"},\"inLanguage\":\"fr-FR\",\"potentialAction\":[{\"@type\":\"ReadAction\",\"target\":[[\"https:\/\/cridel.com\/fr\/products\/\"]]}]},{\"@type\":\"BreadcrumbList\",\"@id\":\"https:\/\/cridel.com\/fr\/products\/#breadcrumb\",\"itemListElement\":[{\"@type\":\"ListItem\",\"position\":1,\"name\":\"Home\",\"item\":\"https:\/\/cridel.com\/fr\/\"},{\"@type\":\"ListItem\",\"position\":2,\"name\":\"Cridel Products\"}]},{\"@type\":\"WebSite\",\"@id\":\"https:\/\/cridel.com\/fr\/#website\",\"url\":\"https:\/\/cridel.com\/fr\/\",\"name\":\"Cridel Thermoset Resins\",\"description\":\"From adhesives and sealants, to epoxies and urethanes we\u2019ve got your solution.\",\"potentialAction\":[{\"@type\":\"SearchAction\",\"target\":{\"@type\":\"EntryPoint\",\"urlTemplate\":\"https:\/\/cridel.com\/fr\/?s={search_term_string}\"},\"query-input\":\"required name=search_term_string\"}],\"inLanguage\":\"fr-FR\"}]}<\/script>\n<!-- \/ Yoast SEO plugin. -->","yoast_head_json":{"title":"PRODUITS Cridel  - Cridel Thermoset Resins","robots":{"index":"index","follow":"follow","max-snippet":"max-snippet:-1","max-image-preview":"max-image-preview:large","max-video-preview":"max-video-preview:-1"},"canonical":"https:\/\/cridel.com\/fr\/products\/","og_locale":"fr_FR","og_type":"article","og_title":"PRODUITS Cridel  - Cridel Thermoset Resins","og_description":"Produits sur mesure Travailler avec nous pour creer votre propre solution personnalisee. D\u00e9tails Quelle est votre demande Habillement formul\u00e9 et en inventaire pour une llvraison imm\u00e9diate. D\u00e9tails Quel est votre secteur d&rsquo;activit\u00e9? De l&rsquo;\u00e9lectronique a la construction et beaucoup d&rsquo;autres, nous avons votre solution. D\u00e9tails Quelle est votre demande De colles et scellant, d&rsquo;\u00e9poxy ou [&hellip;]","og_url":"https:\/\/cridel.com\/fr\/products\/","og_site_name":"Cridel Thermoset Resins","article_modified_time":"2016-01-08T15:53:02+00:00","twitter_misc":{"Dur\u00e9e de lecture estim\u00e9e":"1 minute"},"schema":{"@context":"https:\/\/schema.org","@graph":[{"@type":"WebPage","@id":"https:\/\/cridel.com\/fr\/products\/","url":"https:\/\/cridel.com\/fr\/products\/","name":"PRODUITS Cridel  - Cridel Thermoset Resins","isPartOf":{"@id":"https:\/\/cridel.com\/fr\/#website"},"datePublished":"2014-08-07T12:06:45+00:00","dateModified":"2016-01-08T15:53:02+00:00","breadcrumb":{"@id":"https:\/\/cridel.com\/fr\/products\/#breadcrumb"},"inLanguage":"fr-FR","potentialAction":[{"@type":"ReadAction","target":[["https:\/\/cridel.com\/fr\/products\/"]]}]},{"@type":"BreadcrumbList","@id":"https:\/\/cridel.com\/fr\/products\/#breadcrumb","itemListElement":[{"@type":"ListItem","position":1,"name":"Home","item":"https:\/\/cridel.com\/fr\/"},{"@type":"ListItem","position":2,"name":"Cridel Products"}]},{"@type":"WebSite","@id":"https:\/\/cridel.com\/fr\/#website","url":"https:\/\/cridel.com\/fr\/","name":"Cridel Thermoset Resins","description":"From adhesives and sealants, to epoxies and urethanes we\u2019ve got your solution.","potentialAction":[{"@type":"SearchAction","target":{"@type":"EntryPoint","urlTemplate":"https:\/\/cridel.com\/fr\/?s={search_term_string}"},"query-input":"required name=search_term_string"}],"inLanguage":"fr-FR"}]}},"_links":{"self":[{"href":"https:\/\/cridel.com\/fr\/wp-json\/wp\/v2\/pages\/266"}],"collection":[{"href":"https:\/\/cridel.com\/fr\/wp-json\/wp\/v2\/pages"}],"about":[{"href":"https:\/\/cridel.com\/fr\/wp-json\/wp\/v2\/types\/page"}],"author":[{"embeddable":true,"href":"https:\/\/cridel.com\/fr\/wp-json\/wp\/v2\/users\/1"}],"replies":[{"embeddable":true,"href":"https:\/\/cridel.com\/fr\/wp-json\/wp\/v2\/comments?post=266"}],"version-history":[{"count":10,"href":"https:\/\/cridel.com\/fr\/wp-json\/wp\/v2\/pages\/266\/revisions"}],"predecessor-version":[{"id":1076,"href":"https:\/\/cridel.com\/fr\/wp-json\/wp\/v2\/pages\/266\/revisions\/1076"}],"wp:attachment":[{"href":"https:\/\/cridel.com\/fr\/wp-json\/wp\/v2\/media?parent=266"}],"curies":[{"name":"wp","href":"https:\/\/api.w.org\/{rel}","templated":true}]}}