{"id":772,"date":"2014-10-08T13:35:51","date_gmt":"2014-10-08T13:35:51","guid":{"rendered":"https:\/\/dev.cridel.com\/?page_id=772"},"modified":"2016-01-14T16:59:41","modified_gmt":"2016-01-14T16:59:41","slug":"the-cridel-approach","status":"publish","type":"page","link":"https:\/\/cridel.com\/fr\/the-cridel-approach\/","title":{"rendered":"L&rsquo;APPROCHE CRIDEL"},"content":{"rendered":"<h2>L&rsquo;APPROCHE CRIDEL<\/h2>\n<p>Notre approche unique et \u00e9prouv\u00e9e en 5 \u00e9tapes vous assure d&rsquo;obtenir la meilleure solution possible pour votre application sp\u00e9cifique.<\/p>\n<p>&nbsp;<\/p>\n<ol>\n<li>\n<h4>Consultation confidentielle:<\/h4>\n<p>D&rsquo;abord, nous travaillons avec les sp\u00e9cifications de votre produit pour d\u00e9terminer la composition chimique id\u00e9ale pour votre application. Nous regardons \u00e9troitement votre flux de travail, pour assurer la fabrication de nos formulations va s\u2019int\u00e9grer de fa\u00e7on transparente avec vos processus. En tout temps, vos informations d&rsquo;entreprise sont maintenues dans la plus stricte confidentialit\u00e9 et ne seront jamais partag\u00e9es si vous d\u00e9cidez de proc\u00e9der \u00e0 l&rsquo;\u00e9laboration du produit ou non.<\/p>\n<\/li>\n<p>&nbsp;<\/p>\n<li>\n<h4>D\u00e9veloppement:<\/h4>\n<p>Nos chimistes utilisent des pratiques de pointe de l&rsquo;industrie pour cr\u00e9er une formule pr\u00e9cise qui permettra d&rsquo;atteindre votre objectif de produit. Un lot d&rsquo;\u00e9chantillons est alors cr\u00e9\u00e9. Le cas \u00e9ch\u00e9ant, nous allons proposer des am\u00e9liorations et \/ ou modifications \u00e0 votre \u00e9quipement ou flux de production pour optimiser les r\u00e9sultats.<\/p>\n<\/li>\n<p>&nbsp;<\/p>\n<li>\n<h4>Essaie &#038; Raffinement:<\/h4>\n<p>Nous pouvons tester vos formulations \u00e0 des crit\u00e8res sp\u00e9cifiques et \/ ou vous fournir des \u00e9chantillons pour les essais. Tous les r\u00e9glages n\u00e9cessaires sont effectu\u00e9s \u00e0 cette phase avant de vous engager \u00e0 une commande.<\/p>\n<\/li>\n<p>&nbsp;<\/p>\n<li>\n<h4>Livraison:<\/h4>\n<p>Cridel a la flexibilit\u00e9 de mani\u00e8re rentable de m\u00e9langer diff\u00e9rentes dimensions de lots suite \u00e0 la fluctuation de votre volume de production. De plus, nous offrons une grande vari\u00e9t\u00e9 d&rsquo;options d&#8217;emballage personnalis\u00e9 pour vous assurer que votre formulation est exp\u00e9di\u00e9e dans des contenants qui sont optimis\u00e9s pour vous stockage particulier et l&rsquo;environnement de production.<\/p>\n<\/li>\n<p>&nbsp;<\/p>\n<li>\n<h4>Soutien:<\/h4>\n<p>Nous tenons \u00e0 la qualit\u00e9 de nos formulations et offrons support technique apr\u00e8s-vente pour vous assurer que vous \u00eates pleinement satisfait.<\/p>\n<\/li>\n<\/ol>","protected":false},"excerpt":{"rendered":"<p>L&rsquo;APPROCHE CRIDEL Notre approche unique et \u00e9prouv\u00e9e en 5 \u00e9tapes vous assure d&rsquo;obtenir la meilleure solution possible pour votre application sp\u00e9cifique. &nbsp; Consultation confidentielle: D&rsquo;abord, nous travaillons avec les sp\u00e9cifications de votre produit pour d\u00e9terminer la composition chimique id\u00e9ale pour votre application. Nous regardons \u00e9troitement votre flux de travail, pour assurer la fabrication de nos [&hellip;]<\/p>\n","protected":false},"author":1,"featured_media":0,"parent":0,"menu_order":0,"comment_status":"closed","ping_status":"closed","template":"template-nosidebar.php","meta":[],"yoast_head":"<!-- This site is optimized with the Yoast SEO plugin v20.5 - https:\/\/yoast.com\/wordpress\/plugins\/seo\/ -->\n<title>L&#039;APPROCHE CRIDEL - Cridel Thermoset Resins<\/title>\n<meta name=\"robots\" content=\"index, follow, max-snippet:-1, max-image-preview:large, max-video-preview:-1\" \/>\n<link rel=\"canonical\" href=\"https:\/\/cridel.com\/fr\/the-cridel-approach\/\" \/>\n<meta property=\"og:locale\" content=\"fr_FR\" \/>\n<meta property=\"og:type\" content=\"article\" \/>\n<meta property=\"og:title\" content=\"L&#039;APPROCHE CRIDEL - Cridel Thermoset Resins\" \/>\n<meta property=\"og:description\" content=\"L&rsquo;APPROCHE CRIDEL Notre approche unique et \u00e9prouv\u00e9e en 5 \u00e9tapes vous assure d&rsquo;obtenir la meilleure solution possible pour votre application sp\u00e9cifique. &nbsp; Consultation confidentielle: D&rsquo;abord, nous travaillons avec les sp\u00e9cifications de votre produit pour d\u00e9terminer la composition chimique id\u00e9ale pour votre application. Nous regardons \u00e9troitement votre flux de travail, pour assurer la fabrication de nos [&hellip;]\" \/>\n<meta property=\"og:url\" content=\"https:\/\/cridel.com\/fr\/the-cridel-approach\/\" \/>\n<meta property=\"og:site_name\" content=\"Cridel Thermoset Resins\" \/>\n<meta property=\"article:modified_time\" content=\"2016-01-14T16:59:41+00:00\" \/>\n<meta name=\"twitter:label1\" content=\"Dur\u00e9e de lecture estim\u00e9e\" \/>\n\t<meta name=\"twitter:data1\" content=\"3 minutes\" \/>\n<script type=\"application\/ld+json\" class=\"yoast-schema-graph\">{\"@context\":\"https:\/\/schema.org\",\"@graph\":[{\"@type\":\"WebPage\",\"@id\":\"https:\/\/cridel.com\/fr\/the-cridel-approach\/\",\"url\":\"https:\/\/cridel.com\/fr\/the-cridel-approach\/\",\"name\":\"L'APPROCHE CRIDEL - Cridel Thermoset Resins\",\"isPartOf\":{\"@id\":\"https:\/\/cridel.com\/fr\/#website\"},\"datePublished\":\"2014-10-08T13:35:51+00:00\",\"dateModified\":\"2016-01-14T16:59:41+00:00\",\"breadcrumb\":{\"@id\":\"https:\/\/cridel.com\/fr\/the-cridel-approach\/#breadcrumb\"},\"inLanguage\":\"fr-FR\",\"potentialAction\":[{\"@type\":\"ReadAction\",\"target\":[[\"https:\/\/cridel.com\/fr\/the-cridel-approach\/\"]]}]},{\"@type\":\"BreadcrumbList\",\"@id\":\"https:\/\/cridel.com\/fr\/the-cridel-approach\/#breadcrumb\",\"itemListElement\":[{\"@type\":\"ListItem\",\"position\":1,\"name\":\"Home\",\"item\":\"https:\/\/cridel.com\/fr\/\"},{\"@type\":\"ListItem\",\"position\":2,\"name\":\"The Cridel Approach\"}]},{\"@type\":\"WebSite\",\"@id\":\"https:\/\/cridel.com\/fr\/#website\",\"url\":\"https:\/\/cridel.com\/fr\/\",\"name\":\"Cridel Thermoset Resins\",\"description\":\"From adhesives and sealants, to epoxies and urethanes we\u2019ve got your solution.\",\"potentialAction\":[{\"@type\":\"SearchAction\",\"target\":{\"@type\":\"EntryPoint\",\"urlTemplate\":\"https:\/\/cridel.com\/fr\/?s={search_term_string}\"},\"query-input\":\"required name=search_term_string\"}],\"inLanguage\":\"fr-FR\"}]}<\/script>\n<!-- \/ Yoast SEO plugin. -->","yoast_head_json":{"title":"L'APPROCHE CRIDEL - Cridel Thermoset Resins","robots":{"index":"index","follow":"follow","max-snippet":"max-snippet:-1","max-image-preview":"max-image-preview:large","max-video-preview":"max-video-preview:-1"},"canonical":"https:\/\/cridel.com\/fr\/the-cridel-approach\/","og_locale":"fr_FR","og_type":"article","og_title":"L'APPROCHE CRIDEL - Cridel Thermoset Resins","og_description":"L&rsquo;APPROCHE CRIDEL Notre approche unique et \u00e9prouv\u00e9e en 5 \u00e9tapes vous assure d&rsquo;obtenir la meilleure solution possible pour votre application sp\u00e9cifique. &nbsp; Consultation confidentielle: D&rsquo;abord, nous travaillons avec les sp\u00e9cifications de votre produit pour d\u00e9terminer la composition chimique id\u00e9ale pour votre application. Nous regardons \u00e9troitement votre flux de travail, pour assurer la fabrication de nos [&hellip;]","og_url":"https:\/\/cridel.com\/fr\/the-cridel-approach\/","og_site_name":"Cridel Thermoset Resins","article_modified_time":"2016-01-14T16:59:41+00:00","twitter_misc":{"Dur\u00e9e de lecture estim\u00e9e":"3 minutes"},"schema":{"@context":"https:\/\/schema.org","@graph":[{"@type":"WebPage","@id":"https:\/\/cridel.com\/fr\/the-cridel-approach\/","url":"https:\/\/cridel.com\/fr\/the-cridel-approach\/","name":"L'APPROCHE CRIDEL - Cridel Thermoset Resins","isPartOf":{"@id":"https:\/\/cridel.com\/fr\/#website"},"datePublished":"2014-10-08T13:35:51+00:00","dateModified":"2016-01-14T16:59:41+00:00","breadcrumb":{"@id":"https:\/\/cridel.com\/fr\/the-cridel-approach\/#breadcrumb"},"inLanguage":"fr-FR","potentialAction":[{"@type":"ReadAction","target":[["https:\/\/cridel.com\/fr\/the-cridel-approach\/"]]}]},{"@type":"BreadcrumbList","@id":"https:\/\/cridel.com\/fr\/the-cridel-approach\/#breadcrumb","itemListElement":[{"@type":"ListItem","position":1,"name":"Home","item":"https:\/\/cridel.com\/fr\/"},{"@type":"ListItem","position":2,"name":"The Cridel Approach"}]},{"@type":"WebSite","@id":"https:\/\/cridel.com\/fr\/#website","url":"https:\/\/cridel.com\/fr\/","name":"Cridel Thermoset Resins","description":"From adhesives and sealants, to epoxies and urethanes we\u2019ve got your solution.","potentialAction":[{"@type":"SearchAction","target":{"@type":"EntryPoint","urlTemplate":"https:\/\/cridel.com\/fr\/?s={search_term_string}"},"query-input":"required name=search_term_string"}],"inLanguage":"fr-FR"}]}},"_links":{"self":[{"href":"https:\/\/cridel.com\/fr\/wp-json\/wp\/v2\/pages\/772"}],"collection":[{"href":"https:\/\/cridel.com\/fr\/wp-json\/wp\/v2\/pages"}],"about":[{"href":"https:\/\/cridel.com\/fr\/wp-json\/wp\/v2\/types\/page"}],"author":[{"embeddable":true,"href":"https:\/\/cridel.com\/fr\/wp-json\/wp\/v2\/users\/1"}],"replies":[{"embeddable":true,"href":"https:\/\/cridel.com\/fr\/wp-json\/wp\/v2\/comments?post=772"}],"version-history":[{"count":8,"href":"https:\/\/cridel.com\/fr\/wp-json\/wp\/v2\/pages\/772\/revisions"}],"predecessor-version":[{"id":1081,"href":"https:\/\/cridel.com\/fr\/wp-json\/wp\/v2\/pages\/772\/revisions\/1081"}],"wp:attachment":[{"href":"https:\/\/cridel.com\/fr\/wp-json\/wp\/v2\/media?parent=772"}],"curies":[{"name":"wp","href":"https:\/\/api.w.org\/{rel}","templated":true}]}}