{"id":798,"date":"2014-10-09T13:52:52","date_gmt":"2014-10-09T13:52:52","guid":{"rendered":"https:\/\/dev.cridel.com\/?page_id=798"},"modified":"2015-12-22T13:10:13","modified_gmt":"2015-12-22T13:10:13","slug":"the-cridel-difference","status":"publish","type":"page","link":"https:\/\/cridel.com\/fr\/the-cridel-difference\/","title":{"rendered":"LA DIFF\u00c9RENCE CRIDEL"},"content":{"rendered":"<h2>Qui est Cridel ? <\/h2>\n<p>Chez Cridel, notre plus grand but est la satisfaction totale du client. Et la seule fa\u00e7on d&rsquo;y parvenir est d&rsquo;assurer<br \/>\nque chaque client, peu importe leur taille, obtient Ie meilleur produit pour leur application sp\u00e9cifique.<\/p>\n<p>Nous comprenons que vos produits sont l&rsquo;\u00e9l\u00e9ment vital de votre entreprise qui est pourquoi nous prenons notre m\u00e9tier au<br \/>\ns\u00e9rieux, Plus qu&rsquo;un simple fournisseur, Cridel cherche activement \u00e0 comprendre vos besoins afin que vous pouvez devenir<br \/>\nplus efficace, augmenter votre qualit\u00e9 et de contenir les co\u00fbts. Et la meilleure partie est que cette expertise est incluse<br \/>\ndans Ie prix de chaque produit que vous achetez.\n<\/p>","protected":false},"excerpt":{"rendered":"<p>Qui est Cridel ? Chez Cridel, notre plus grand but est la satisfaction totale du client. Et la seule fa\u00e7on d&rsquo;y parvenir est d&rsquo;assurer que chaque client, peu importe leur taille, obtient Ie meilleur produit pour leur application sp\u00e9cifique. Nous comprenons que vos produits sont l&rsquo;\u00e9l\u00e9ment vital de votre entreprise qui est pourquoi nous prenons [&hellip;]<\/p>\n","protected":false},"author":1,"featured_media":0,"parent":0,"menu_order":0,"comment_status":"closed","ping_status":"closed","template":"template-nosidebar.php","meta":[],"yoast_head":"<!-- This site is optimized with the Yoast SEO plugin v20.5 - https:\/\/yoast.com\/wordpress\/plugins\/seo\/ -->\n<title>LA DIFF\u00c9RENCE CRIDEL  - Cridel Thermoset Resins<\/title>\n<meta name=\"robots\" content=\"index, follow, max-snippet:-1, max-image-preview:large, max-video-preview:-1\" \/>\n<link rel=\"canonical\" href=\"https:\/\/cridel.com\/fr\/the-cridel-difference\/\" \/>\n<meta property=\"og:locale\" content=\"fr_FR\" \/>\n<meta property=\"og:type\" content=\"article\" \/>\n<meta property=\"og:title\" content=\"LA DIFF\u00c9RENCE CRIDEL  - Cridel Thermoset Resins\" \/>\n<meta property=\"og:description\" content=\"Qui est Cridel ? Chez Cridel, notre plus grand but est la satisfaction totale du client. Et la seule fa\u00e7on d&rsquo;y parvenir est d&rsquo;assurer que chaque client, peu importe leur taille, obtient Ie meilleur produit pour leur application sp\u00e9cifique. Nous comprenons que vos produits sont l&rsquo;\u00e9l\u00e9ment vital de votre entreprise qui est pourquoi nous prenons [&hellip;]\" \/>\n<meta property=\"og:url\" content=\"https:\/\/cridel.com\/fr\/the-cridel-difference\/\" \/>\n<meta property=\"og:site_name\" content=\"Cridel Thermoset Resins\" \/>\n<meta property=\"article:modified_time\" content=\"2015-12-22T13:10:13+00:00\" \/>\n<meta name=\"twitter:label1\" content=\"Dur\u00e9e de lecture estim\u00e9e\" \/>\n\t<meta name=\"twitter:data1\" content=\"1 minute\" \/>\n<script type=\"application\/ld+json\" class=\"yoast-schema-graph\">{\"@context\":\"https:\/\/schema.org\",\"@graph\":[{\"@type\":\"WebPage\",\"@id\":\"https:\/\/cridel.com\/fr\/the-cridel-difference\/\",\"url\":\"https:\/\/cridel.com\/fr\/the-cridel-difference\/\",\"name\":\"LA DIFF\u00c9RENCE CRIDEL  - Cridel Thermoset Resins\",\"isPartOf\":{\"@id\":\"https:\/\/cridel.com\/fr\/#website\"},\"datePublished\":\"2014-10-09T13:52:52+00:00\",\"dateModified\":\"2015-12-22T13:10:13+00:00\",\"breadcrumb\":{\"@id\":\"https:\/\/cridel.com\/fr\/the-cridel-difference\/#breadcrumb\"},\"inLanguage\":\"fr-FR\",\"potentialAction\":[{\"@type\":\"ReadAction\",\"target\":[[\"https:\/\/cridel.com\/fr\/the-cridel-difference\/\"]]}]},{\"@type\":\"BreadcrumbList\",\"@id\":\"https:\/\/cridel.com\/fr\/the-cridel-difference\/#breadcrumb\",\"itemListElement\":[{\"@type\":\"ListItem\",\"position\":1,\"name\":\"Home\",\"item\":\"https:\/\/cridel.com\/fr\/\"},{\"@type\":\"ListItem\",\"position\":2,\"name\":\"The Cridel Difference\"}]},{\"@type\":\"WebSite\",\"@id\":\"https:\/\/cridel.com\/fr\/#website\",\"url\":\"https:\/\/cridel.com\/fr\/\",\"name\":\"Cridel Thermoset Resins\",\"description\":\"From adhesives and sealants, to epoxies and urethanes we\u2019ve got your solution.\",\"potentialAction\":[{\"@type\":\"SearchAction\",\"target\":{\"@type\":\"EntryPoint\",\"urlTemplate\":\"https:\/\/cridel.com\/fr\/?s={search_term_string}\"},\"query-input\":\"required name=search_term_string\"}],\"inLanguage\":\"fr-FR\"}]}<\/script>\n<!-- \/ Yoast SEO plugin. -->","yoast_head_json":{"title":"LA DIFF\u00c9RENCE CRIDEL  - Cridel Thermoset Resins","robots":{"index":"index","follow":"follow","max-snippet":"max-snippet:-1","max-image-preview":"max-image-preview:large","max-video-preview":"max-video-preview:-1"},"canonical":"https:\/\/cridel.com\/fr\/the-cridel-difference\/","og_locale":"fr_FR","og_type":"article","og_title":"LA DIFF\u00c9RENCE CRIDEL  - Cridel Thermoset Resins","og_description":"Qui est Cridel ? Chez Cridel, notre plus grand but est la satisfaction totale du client. Et la seule fa\u00e7on d&rsquo;y parvenir est d&rsquo;assurer que chaque client, peu importe leur taille, obtient Ie meilleur produit pour leur application sp\u00e9cifique. Nous comprenons que vos produits sont l&rsquo;\u00e9l\u00e9ment vital de votre entreprise qui est pourquoi nous prenons [&hellip;]","og_url":"https:\/\/cridel.com\/fr\/the-cridel-difference\/","og_site_name":"Cridel Thermoset Resins","article_modified_time":"2015-12-22T13:10:13+00:00","twitter_misc":{"Dur\u00e9e de lecture estim\u00e9e":"1 minute"},"schema":{"@context":"https:\/\/schema.org","@graph":[{"@type":"WebPage","@id":"https:\/\/cridel.com\/fr\/the-cridel-difference\/","url":"https:\/\/cridel.com\/fr\/the-cridel-difference\/","name":"LA DIFF\u00c9RENCE CRIDEL  - Cridel Thermoset Resins","isPartOf":{"@id":"https:\/\/cridel.com\/fr\/#website"},"datePublished":"2014-10-09T13:52:52+00:00","dateModified":"2015-12-22T13:10:13+00:00","breadcrumb":{"@id":"https:\/\/cridel.com\/fr\/the-cridel-difference\/#breadcrumb"},"inLanguage":"fr-FR","potentialAction":[{"@type":"ReadAction","target":[["https:\/\/cridel.com\/fr\/the-cridel-difference\/"]]}]},{"@type":"BreadcrumbList","@id":"https:\/\/cridel.com\/fr\/the-cridel-difference\/#breadcrumb","itemListElement":[{"@type":"ListItem","position":1,"name":"Home","item":"https:\/\/cridel.com\/fr\/"},{"@type":"ListItem","position":2,"name":"The Cridel Difference"}]},{"@type":"WebSite","@id":"https:\/\/cridel.com\/fr\/#website","url":"https:\/\/cridel.com\/fr\/","name":"Cridel Thermoset Resins","description":"From adhesives and sealants, to epoxies and urethanes we\u2019ve got your solution.","potentialAction":[{"@type":"SearchAction","target":{"@type":"EntryPoint","urlTemplate":"https:\/\/cridel.com\/fr\/?s={search_term_string}"},"query-input":"required name=search_term_string"}],"inLanguage":"fr-FR"}]}},"_links":{"self":[{"href":"https:\/\/cridel.com\/fr\/wp-json\/wp\/v2\/pages\/798"}],"collection":[{"href":"https:\/\/cridel.com\/fr\/wp-json\/wp\/v2\/pages"}],"about":[{"href":"https:\/\/cridel.com\/fr\/wp-json\/wp\/v2\/types\/page"}],"author":[{"embeddable":true,"href":"https:\/\/cridel.com\/fr\/wp-json\/wp\/v2\/users\/1"}],"replies":[{"embeddable":true,"href":"https:\/\/cridel.com\/fr\/wp-json\/wp\/v2\/comments?post=798"}],"version-history":[{"count":7,"href":"https:\/\/cridel.com\/fr\/wp-json\/wp\/v2\/pages\/798\/revisions"}],"predecessor-version":[{"id":1058,"href":"https:\/\/cridel.com\/fr\/wp-json\/wp\/v2\/pages\/798\/revisions\/1058"}],"wp:attachment":[{"href":"https:\/\/cridel.com\/fr\/wp-json\/wp\/v2\/media?parent=798"}],"curies":[{"name":"wp","href":"https:\/\/api.w.org\/{rel}","templated":true}]}}