{"id":968,"date":"2014-12-28T23:23:46","date_gmt":"2014-12-28T23:23:46","guid":{"rendered":"https:\/\/dev.cridel.com\/?page_id=968"},"modified":"2016-01-19T18:57:05","modified_gmt":"2016-01-19T18:57:05","slug":"er273eh443","status":"publish","type":"page","link":"https:\/\/cridel.com\/fr\/products\/er273eh443\/","title":{"rendered":"ER273\/EH443"},"content":{"rendered":"<table>\n<tbody>\n<tr>\n<td>Syst\u00e8me<\/td>\n<td>cat\u00e9gorie de produit<\/td>\n<td>Description<\/td>\n<td>Industrie<\/td>\n<td>Applications<\/td>\n<td>Rapport de M\u00e9lange<\/td>\n<td>Viscosit\u00e9<\/td>\n<td>Vie pot<\/td>\n<td>Gel Dur\u00e9e<\/td>\n<td>Couleur<\/td>\n<td>Duret\u00e9<\/td>\n<\/tr>\n<tr>\n<td>ER273\/EH443<\/td>\n<td>\u00c9poxy<\/td>\n<td>Empotage<\/td>\n<td>\u00c9lectronique<\/td>\n<td>Reconnu UL<\/td>\n<td>2:1 Par Volume<\/td>\n<td>Basse<\/td>\n<td>10-20 min<\/td>\n<td>35-50 min \u00e0 temp\u00e9rature ambiante<\/td>\n<td>Naturel<\/td>\n<td>85D<\/td>\n<\/tr>\n<\/tbody>\n<\/table>","protected":false},"excerpt":{"rendered":"<p>Syst\u00e8me cat\u00e9gorie de produit Description Industrie Applications Rapport de M\u00e9lange Viscosit\u00e9 Vie pot Gel Dur\u00e9e Couleur Duret\u00e9 ER273\/EH443 \u00c9poxy Empotage \u00c9lectronique Reconnu UL 2:1 Par Volume Basse 10-20 min 35-50 min \u00e0 temp\u00e9rature ambiante Naturel 85D<\/p>\n","protected":false},"author":2,"featured_media":0,"parent":266,"menu_order":0,"comment_status":"open","ping_status":"closed","template":"template-nosidebar.php","meta":[],"yoast_head":"<!-- This site is optimized with the Yoast SEO plugin v20.5 - https:\/\/yoast.com\/wordpress\/plugins\/seo\/ -->\n<title>ER273\/EH443 - Cridel Thermoset Resins<\/title>\n<meta name=\"robots\" content=\"index, follow, max-snippet:-1, max-image-preview:large, max-video-preview:-1\" \/>\n<link rel=\"canonical\" href=\"https:\/\/cridel.com\/fr\/products\/er273eh443\/\" \/>\n<meta property=\"og:locale\" content=\"fr_FR\" \/>\n<meta property=\"og:type\" content=\"article\" \/>\n<meta property=\"og:title\" content=\"ER273\/EH443 - Cridel Thermoset Resins\" \/>\n<meta property=\"og:description\" content=\"Syst\u00e8me cat\u00e9gorie de produit Description Industrie Applications Rapport de M\u00e9lange Viscosit\u00e9 Vie pot Gel Dur\u00e9e Couleur Duret\u00e9 ER273\/EH443 \u00c9poxy Empotage \u00c9lectronique Reconnu UL 2:1 Par Volume Basse 10-20 min 35-50 min \u00e0 temp\u00e9rature ambiante Naturel 85D\" \/>\n<meta property=\"og:url\" content=\"https:\/\/cridel.com\/fr\/products\/er273eh443\/\" \/>\n<meta property=\"og:site_name\" content=\"Cridel Thermoset Resins\" \/>\n<meta property=\"article:modified_time\" content=\"2016-01-19T18:57:05+00:00\" \/>\n<script type=\"application\/ld+json\" class=\"yoast-schema-graph\">{\"@context\":\"https:\/\/schema.org\",\"@graph\":[{\"@type\":\"WebPage\",\"@id\":\"https:\/\/cridel.com\/fr\/products\/er273eh443\/\",\"url\":\"https:\/\/cridel.com\/fr\/products\/er273eh443\/\",\"name\":\"ER273\/EH443 - Cridel Thermoset Resins\",\"isPartOf\":{\"@id\":\"https:\/\/cridel.com\/fr\/#website\"},\"datePublished\":\"2014-12-28T23:23:46+00:00\",\"dateModified\":\"2016-01-19T18:57:05+00:00\",\"breadcrumb\":{\"@id\":\"https:\/\/cridel.com\/fr\/products\/er273eh443\/#breadcrumb\"},\"inLanguage\":\"fr-FR\",\"potentialAction\":[{\"@type\":\"ReadAction\",\"target\":[[\"https:\/\/cridel.com\/fr\/products\/er273eh443\/\"]]}]},{\"@type\":\"BreadcrumbList\",\"@id\":\"https:\/\/cridel.com\/fr\/products\/er273eh443\/#breadcrumb\",\"itemListElement\":[{\"@type\":\"ListItem\",\"position\":1,\"name\":\"Home\",\"item\":\"https:\/\/cridel.com\/fr\/\"},{\"@type\":\"ListItem\",\"position\":2,\"name\":\"Cridel Products\",\"item\":\"https:\/\/cridel.com\/fr\/products\/\"},{\"@type\":\"ListItem\",\"position\":3,\"name\":\"ER273\/EH443\"}]},{\"@type\":\"WebSite\",\"@id\":\"https:\/\/cridel.com\/fr\/#website\",\"url\":\"https:\/\/cridel.com\/fr\/\",\"name\":\"Cridel Thermoset Resins\",\"description\":\"From adhesives and sealants, to epoxies and urethanes we\u2019ve got your solution.\",\"potentialAction\":[{\"@type\":\"SearchAction\",\"target\":{\"@type\":\"EntryPoint\",\"urlTemplate\":\"https:\/\/cridel.com\/fr\/?s={search_term_string}\"},\"query-input\":\"required name=search_term_string\"}],\"inLanguage\":\"fr-FR\"}]}<\/script>\n<!-- \/ Yoast SEO plugin. -->","yoast_head_json":{"title":"ER273\/EH443 - Cridel Thermoset Resins","robots":{"index":"index","follow":"follow","max-snippet":"max-snippet:-1","max-image-preview":"max-image-preview:large","max-video-preview":"max-video-preview:-1"},"canonical":"https:\/\/cridel.com\/fr\/products\/er273eh443\/","og_locale":"fr_FR","og_type":"article","og_title":"ER273\/EH443 - Cridel Thermoset Resins","og_description":"Syst\u00e8me cat\u00e9gorie de produit Description Industrie Applications Rapport de M\u00e9lange Viscosit\u00e9 Vie pot Gel Dur\u00e9e Couleur Duret\u00e9 ER273\/EH443 \u00c9poxy Empotage \u00c9lectronique Reconnu UL 2:1 Par Volume Basse 10-20 min 35-50 min \u00e0 temp\u00e9rature ambiante Naturel 85D","og_url":"https:\/\/cridel.com\/fr\/products\/er273eh443\/","og_site_name":"Cridel Thermoset Resins","article_modified_time":"2016-01-19T18:57:05+00:00","schema":{"@context":"https:\/\/schema.org","@graph":[{"@type":"WebPage","@id":"https:\/\/cridel.com\/fr\/products\/er273eh443\/","url":"https:\/\/cridel.com\/fr\/products\/er273eh443\/","name":"ER273\/EH443 - Cridel Thermoset Resins","isPartOf":{"@id":"https:\/\/cridel.com\/fr\/#website"},"datePublished":"2014-12-28T23:23:46+00:00","dateModified":"2016-01-19T18:57:05+00:00","breadcrumb":{"@id":"https:\/\/cridel.com\/fr\/products\/er273eh443\/#breadcrumb"},"inLanguage":"fr-FR","potentialAction":[{"@type":"ReadAction","target":[["https:\/\/cridel.com\/fr\/products\/er273eh443\/"]]}]},{"@type":"BreadcrumbList","@id":"https:\/\/cridel.com\/fr\/products\/er273eh443\/#breadcrumb","itemListElement":[{"@type":"ListItem","position":1,"name":"Home","item":"https:\/\/cridel.com\/fr\/"},{"@type":"ListItem","position":2,"name":"Cridel Products","item":"https:\/\/cridel.com\/fr\/products\/"},{"@type":"ListItem","position":3,"name":"ER273\/EH443"}]},{"@type":"WebSite","@id":"https:\/\/cridel.com\/fr\/#website","url":"https:\/\/cridel.com\/fr\/","name":"Cridel Thermoset Resins","description":"From adhesives and sealants, to epoxies and urethanes we\u2019ve got your solution.","potentialAction":[{"@type":"SearchAction","target":{"@type":"EntryPoint","urlTemplate":"https:\/\/cridel.com\/fr\/?s={search_term_string}"},"query-input":"required name=search_term_string"}],"inLanguage":"fr-FR"}]}},"_links":{"self":[{"href":"https:\/\/cridel.com\/fr\/wp-json\/wp\/v2\/pages\/968"}],"collection":[{"href":"https:\/\/cridel.com\/fr\/wp-json\/wp\/v2\/pages"}],"about":[{"href":"https:\/\/cridel.com\/fr\/wp-json\/wp\/v2\/types\/page"}],"author":[{"embeddable":true,"href":"https:\/\/cridel.com\/fr\/wp-json\/wp\/v2\/users\/2"}],"replies":[{"embeddable":true,"href":"https:\/\/cridel.com\/fr\/wp-json\/wp\/v2\/comments?post=968"}],"version-history":[{"count":3,"href":"https:\/\/cridel.com\/fr\/wp-json\/wp\/v2\/pages\/968\/revisions"}],"predecessor-version":[{"id":1087,"href":"https:\/\/cridel.com\/fr\/wp-json\/wp\/v2\/pages\/968\/revisions\/1087"}],"up":[{"embeddable":true,"href":"https:\/\/cridel.com\/fr\/wp-json\/wp\/v2\/pages\/266"}],"wp:attachment":[{"href":"https:\/\/cridel.com\/fr\/wp-json\/wp\/v2\/media?parent=968"}],"curies":[{"name":"wp","href":"https:\/\/api.w.org\/{rel}","templated":true}]}}