{"id":976,"date":"2014-12-28T23:27:06","date_gmt":"2014-12-28T23:27:06","guid":{"rendered":"https:\/\/dev.cridel.com\/?page_id=976"},"modified":"2016-01-19T19:16:23","modified_gmt":"2016-01-19T19:16:23","slug":"30-570ab","status":"publish","type":"page","link":"https:\/\/cridel.com\/fr\/products\/30-570ab\/","title":{"rendered":"30-570A\/B"},"content":{"rendered":"<table>\n<tbody>\n<tr>\n<td>Syst\u00e8me<\/td>\n<td>cat\u00e9gorie de produit<\/td>\n<td>Description<\/td>\n<td>Industrie<\/td>\n<td>Applications<\/td>\n<td>Rapport de M\u00e9lange<\/td>\n<td>Viscosit\u00e9<\/td>\n<td>Vie pot<\/td>\n<td>Gel Dur\u00e9e<\/td>\n<td>Couleur<\/td>\n<td>Duret\u00e9<\/td>\n<\/tr>\n<tr>\n<td>30-570A\/B<\/td>\n<td>\u00c9poxy<\/td>\n<td>R\u00e9sine de   Stratification<\/td>\n<td>Outillage mod\u00e9lisme<\/td>\n<td>Haute Temp\u00e9rature<\/td>\n<td>100:25 Par poids<\/td>\n<td>Basse<\/td>\n<td>&nbsp;<\/td>\n<td>75 min  \u00e0 temp\u00e9rature ambiante + durcissement \u00e0 la chaleur<\/td>\n<td>Claire<\/td>\n<td>87D<\/td>\n<\/tr>\n<\/tbody>\n<\/table>","protected":false},"excerpt":{"rendered":"<p>Syst\u00e8me cat\u00e9gorie de produit Description Industrie Applications Rapport de M\u00e9lange Viscosit\u00e9 Vie pot Gel Dur\u00e9e Couleur Duret\u00e9 30-570A\/B \u00c9poxy R\u00e9sine de Stratification Outillage mod\u00e9lisme Haute Temp\u00e9rature 100:25 Par poids Basse &nbsp; 75 min \u00e0 temp\u00e9rature ambiante + durcissement \u00e0 la chaleur Claire 87D<\/p>\n","protected":false},"author":2,"featured_media":0,"parent":266,"menu_order":0,"comment_status":"open","ping_status":"closed","template":"template-nosidebar.php","meta":[],"yoast_head":"<!-- This site is optimized with the Yoast SEO plugin v20.5 - https:\/\/yoast.com\/wordpress\/plugins\/seo\/ -->\n<title>30-570A\/B - Cridel Thermoset Resins<\/title>\n<meta name=\"robots\" content=\"index, follow, max-snippet:-1, max-image-preview:large, max-video-preview:-1\" \/>\n<link rel=\"canonical\" href=\"https:\/\/cridel.com\/fr\/products\/30-570ab\/\" \/>\n<meta property=\"og:locale\" content=\"fr_FR\" \/>\n<meta property=\"og:type\" content=\"article\" \/>\n<meta property=\"og:title\" content=\"30-570A\/B - Cridel Thermoset Resins\" \/>\n<meta property=\"og:description\" content=\"Syst\u00e8me cat\u00e9gorie de produit Description Industrie Applications Rapport de M\u00e9lange Viscosit\u00e9 Vie pot Gel Dur\u00e9e Couleur Duret\u00e9 30-570A\/B \u00c9poxy R\u00e9sine de Stratification Outillage mod\u00e9lisme Haute Temp\u00e9rature 100:25 Par poids Basse &nbsp; 75 min \u00e0 temp\u00e9rature ambiante + durcissement \u00e0 la chaleur Claire 87D\" \/>\n<meta property=\"og:url\" content=\"https:\/\/cridel.com\/fr\/products\/30-570ab\/\" \/>\n<meta property=\"og:site_name\" content=\"Cridel Thermoset Resins\" \/>\n<meta property=\"article:modified_time\" content=\"2016-01-19T19:16:23+00:00\" \/>\n<script type=\"application\/ld+json\" class=\"yoast-schema-graph\">{\"@context\":\"https:\/\/schema.org\",\"@graph\":[{\"@type\":\"WebPage\",\"@id\":\"https:\/\/cridel.com\/fr\/products\/30-570ab\/\",\"url\":\"https:\/\/cridel.com\/fr\/products\/30-570ab\/\",\"name\":\"30-570A\/B - Cridel Thermoset Resins\",\"isPartOf\":{\"@id\":\"https:\/\/cridel.com\/fr\/#website\"},\"datePublished\":\"2014-12-28T23:27:06+00:00\",\"dateModified\":\"2016-01-19T19:16:23+00:00\",\"breadcrumb\":{\"@id\":\"https:\/\/cridel.com\/fr\/products\/30-570ab\/#breadcrumb\"},\"inLanguage\":\"fr-FR\",\"potentialAction\":[{\"@type\":\"ReadAction\",\"target\":[[\"https:\/\/cridel.com\/fr\/products\/30-570ab\/\"]]}]},{\"@type\":\"BreadcrumbList\",\"@id\":\"https:\/\/cridel.com\/fr\/products\/30-570ab\/#breadcrumb\",\"itemListElement\":[{\"@type\":\"ListItem\",\"position\":1,\"name\":\"Home\",\"item\":\"https:\/\/cridel.com\/fr\/\"},{\"@type\":\"ListItem\",\"position\":2,\"name\":\"Cridel Products\",\"item\":\"https:\/\/cridel.com\/fr\/products\/\"},{\"@type\":\"ListItem\",\"position\":3,\"name\":\"30-570A\/B\"}]},{\"@type\":\"WebSite\",\"@id\":\"https:\/\/cridel.com\/fr\/#website\",\"url\":\"https:\/\/cridel.com\/fr\/\",\"name\":\"Cridel Thermoset Resins\",\"description\":\"From adhesives and sealants, to epoxies and urethanes we\u2019ve got your solution.\",\"potentialAction\":[{\"@type\":\"SearchAction\",\"target\":{\"@type\":\"EntryPoint\",\"urlTemplate\":\"https:\/\/cridel.com\/fr\/?s={search_term_string}\"},\"query-input\":\"required name=search_term_string\"}],\"inLanguage\":\"fr-FR\"}]}<\/script>\n<!-- \/ Yoast SEO plugin. -->","yoast_head_json":{"title":"30-570A\/B - Cridel Thermoset Resins","robots":{"index":"index","follow":"follow","max-snippet":"max-snippet:-1","max-image-preview":"max-image-preview:large","max-video-preview":"max-video-preview:-1"},"canonical":"https:\/\/cridel.com\/fr\/products\/30-570ab\/","og_locale":"fr_FR","og_type":"article","og_title":"30-570A\/B - Cridel Thermoset Resins","og_description":"Syst\u00e8me cat\u00e9gorie de produit Description Industrie Applications Rapport de M\u00e9lange Viscosit\u00e9 Vie pot Gel Dur\u00e9e Couleur Duret\u00e9 30-570A\/B \u00c9poxy R\u00e9sine de Stratification Outillage mod\u00e9lisme Haute Temp\u00e9rature 100:25 Par poids Basse &nbsp; 75 min \u00e0 temp\u00e9rature ambiante + durcissement \u00e0 la chaleur Claire 87D","og_url":"https:\/\/cridel.com\/fr\/products\/30-570ab\/","og_site_name":"Cridel Thermoset Resins","article_modified_time":"2016-01-19T19:16:23+00:00","schema":{"@context":"https:\/\/schema.org","@graph":[{"@type":"WebPage","@id":"https:\/\/cridel.com\/fr\/products\/30-570ab\/","url":"https:\/\/cridel.com\/fr\/products\/30-570ab\/","name":"30-570A\/B - Cridel Thermoset Resins","isPartOf":{"@id":"https:\/\/cridel.com\/fr\/#website"},"datePublished":"2014-12-28T23:27:06+00:00","dateModified":"2016-01-19T19:16:23+00:00","breadcrumb":{"@id":"https:\/\/cridel.com\/fr\/products\/30-570ab\/#breadcrumb"},"inLanguage":"fr-FR","potentialAction":[{"@type":"ReadAction","target":[["https:\/\/cridel.com\/fr\/products\/30-570ab\/"]]}]},{"@type":"BreadcrumbList","@id":"https:\/\/cridel.com\/fr\/products\/30-570ab\/#breadcrumb","itemListElement":[{"@type":"ListItem","position":1,"name":"Home","item":"https:\/\/cridel.com\/fr\/"},{"@type":"ListItem","position":2,"name":"Cridel Products","item":"https:\/\/cridel.com\/fr\/products\/"},{"@type":"ListItem","position":3,"name":"30-570A\/B"}]},{"@type":"WebSite","@id":"https:\/\/cridel.com\/fr\/#website","url":"https:\/\/cridel.com\/fr\/","name":"Cridel Thermoset Resins","description":"From adhesives and sealants, to epoxies and urethanes we\u2019ve got your solution.","potentialAction":[{"@type":"SearchAction","target":{"@type":"EntryPoint","urlTemplate":"https:\/\/cridel.com\/fr\/?s={search_term_string}"},"query-input":"required name=search_term_string"}],"inLanguage":"fr-FR"}]}},"_links":{"self":[{"href":"https:\/\/cridel.com\/fr\/wp-json\/wp\/v2\/pages\/976"}],"collection":[{"href":"https:\/\/cridel.com\/fr\/wp-json\/wp\/v2\/pages"}],"about":[{"href":"https:\/\/cridel.com\/fr\/wp-json\/wp\/v2\/types\/page"}],"author":[{"embeddable":true,"href":"https:\/\/cridel.com\/fr\/wp-json\/wp\/v2\/users\/2"}],"replies":[{"embeddable":true,"href":"https:\/\/cridel.com\/fr\/wp-json\/wp\/v2\/comments?post=976"}],"version-history":[{"count":4,"href":"https:\/\/cridel.com\/fr\/wp-json\/wp\/v2\/pages\/976\/revisions"}],"predecessor-version":[{"id":1091,"href":"https:\/\/cridel.com\/fr\/wp-json\/wp\/v2\/pages\/976\/revisions\/1091"}],"up":[{"embeddable":true,"href":"https:\/\/cridel.com\/fr\/wp-json\/wp\/v2\/pages\/266"}],"wp:attachment":[{"href":"https:\/\/cridel.com\/fr\/wp-json\/wp\/v2\/media?parent=976"}],"curies":[{"name":"wp","href":"https:\/\/api.w.org\/{rel}","templated":true}]}}